{"id":2306,"date":"2025-05-05T14:49:25","date_gmt":"2025-05-05T19:49:25","guid":{"rendered":"https:\/\/munozab.nuntu.co\/?page_id=2306"},"modified":"2026-02-16T10:54:37","modified_gmt":"2026-02-16T15:54:37","slug":"terminos-y-condiciones","status":"publish","type":"page","link":"https:\/\/munozab.com\/en\/terminos-y-condiciones\/","title":{"rendered":"Terms and conditions"},"content":{"rendered":"<div data-elementor-type=\"wp-page\" data-elementor-id=\"2306\" class=\"elementor elementor-2306\" data-elementor-post-type=\"page\">\n\t\t\t\t<div class=\"elementor-element elementor-element-8b09ee0 e-con-full e-flex elementor-invisible e-con e-parent\" data-id=\"8b09ee0\" data-element_type=\"container\" data-e-type=\"container\" data-settings=\"{&quot;background_background&quot;:&quot;classic&quot;,&quot;animation&quot;:&quot;fadeIn&quot;}\">\n\t\t<div class=\"elementor-element elementor-element-abb7cd4 e-flex e-con-boxed elementor-invisible e-con e-child\" data-id=\"abb7cd4\" data-element_type=\"container\" data-e-type=\"container\" data-settings=\"{&quot;animation&quot;:&quot;fadeInUp&quot;}\">\n\t\t\t\t\t<div class=\"e-con-inner\">\n\t\t\t\t<div class=\"elementor-element elementor-element-668aa48 elementor-widget elementor-widget-heading\" data-id=\"668aa48\" data-element_type=\"widget\" data-e-type=\"widget\" data-widget_type=\"heading.default\">\n\t\t\t\t\t<h2 class=\"elementor-heading-title elementor-size-default\">Terms and conditions<\/h2>\t\t\t\t<\/div>\n\t\t\t\t<div class=\"elementor-element elementor-element-7f71b36 elementor-widget-divider--view-line elementor-widget elementor-widget-divider\" data-id=\"7f71b36\" data-element_type=\"widget\" data-e-type=\"widget\" data-widget_type=\"divider.default\">\n\t\t\t\t\t\t\t<div class=\"elementor-divider\">\n\t\t\t<span class=\"elementor-divider-separator\">\n\t\t\t\t\t\t<\/span>\n\t\t<\/div>\n\t\t\t\t\t\t<\/div>\n\t\t\t\t\t<\/div>\n\t\t\t\t<\/div>\n\t\t\t\t<\/div>\n\t\t<div class=\"elementor-element elementor-element-c8763c9 e-flex e-con-boxed e-con e-parent\" data-id=\"c8763c9\" data-element_type=\"container\" data-e-type=\"container\">\n\t\t\t\t\t<div class=\"e-con-inner\">\n\t\t\t\t<div class=\"elementor-element elementor-element-235b177 elementor-widget elementor-widget-html\" data-id=\"235b177\" data-element_type=\"widget\" data-e-type=\"widget\" data-widget_type=\"html.default\">\n\t\t\t\t\t<style>\nh1,h2,h3,h4,h5,h6{\n    color: black;\n}\np{\n    color: #838892;\n}\na{\n    color: #2997aa;\n}\n<\/style>\n<p>Last update: 13\/05\/2025<\/p>\n\n<h2>1. Introduction.<\/h2>\n<p>These \u201cTerms and Conditions\u201d govern the access to and the use that you make of the \u201cWeb Site\u201d, as well as the way in which we treat your personal data and use cookies for navigation. The content of the \u201cWebsite\u201d aims to inform you about the legal services offered by Mu\u00f1oz Lawyers, and do not constitute, under any circumstances, legal advice, formal or create attorney-client relationship.<\/p>\n<p>For more information, please visit the following link: <a href=\"https:\/\/munozab.com\/wp-content\/uploads\/2025\/05\/Politica-de-tratamiento-de-datos-personales.pdf\">Policy on the processing of personal data<\/a>.<\/p>\n\n<h2>2. Aceptaci\u00f3n de los \u201cT\u00e9rminos y Condiciones\u201d (T&C)<\/h2>\n<p>Access to and use of our \u201cSite Web\u201d implies the full and unreserved acceptance of the present \u201cTerms and Conditions\u201d.<\/p>\n<p>When you access our Website; Mu\u00f1oz Lawyers assume that the \u201cUser\u201d agree to these \u201cTerms and Conditions\u201d in its entirety. If you do not agree to all the Terms and Conditions set forth on this page is recommended that you do not continue to use the \u201cSite\u201d.<\/p>\n\n<h2>3. Use of the \u201cWebsite\u201d<\/h2>\n<p>The \u201cUser\u201d can access and use the \u201cSite\u201d only if you are of the age of majority under the laws applicable. If not, or if you do not have the legal capacity or the necessary authorizations to access and use the \u201cWeb Site\u201d, we ask that you refrain from doing so, leaving the same and not make use of its functionalities. In any case, we encourage parents and legal guardians to monitor access to and use of the \u201cWebsite\u201d on the part of minors.<\/p>\n<p>The usage of \u201cWebsite\u201d is subject to the following conditions:<\/p>\n<ul>\n    <li>You may not use our content for any illegal or unauthorized purpose.<\/li>\n    <li>We reserve the right to modify or remove content without prior notice.<\/li>\n    <li>We do not warrant that the Web Site is always available, or error-free.<\/li>\n    <li>We are not responsible for damage caused by the use of the \u201cWebsite\u201d.<\/li>\n    <li>The information contained in the \u201cSite Web\u201d is only informative and does not constitute legal advice.<\/li>\n<\/ul>\n\n<h2>4. Services offered<\/h2>\n<p>Mu\u00f1oz Abogados is a law firm providing professional legal services in various areas of law. The services are provided only through specific contracts concluded with the customers, and not by the simple use of the \u201cWebsite\u201d.<\/p>\n\n<h2>5. Scope of Content<\/h2>\n<p>Mu\u00f1oz Abogados is a law firm of attorneys whose legal practice is developed entirely in Colombia, so that all information and Content (the \u201cUser\u201d button in the \u201cWeb Site\u201d is limited in scope exclusively to Colombia.<\/p>\n\n<h2>6. Disclaimer \u2013 No constitution of attorney-client relationship<\/h2>\n<p>Mu\u00f1oz Lawyers do not provide legal services through this \u201cSite\u201d. The information and materials available on the Site are not intended to be, nor should they be construed as a legal opinion, recommendation, legal, or professional advice of any kind.<\/p>\n<p>Access to and use of the \u201cWebsite\u201d, as well as the use of the information contained therein, does not constitute or create an attorney-client relationship, nor any other type of link professional with Mu\u00f1oz Abogados. Consequently, the \u201cSite Web\u201d is not, in any case, the provision of legal services.<\/p>\n<p>The \u201cUser\u201d can not and should not use the \u201cWeb Site\u201d or its Contents as a basis for designing strategies legal structure business or making legal decisions. Under no circumstances should the \u201cUser\u201d must understand that the Website replaces the direct consultation with a lawyer.<\/p>\n<p>If you (the \u201cUser\u201d requires legal advice, Mu\u00f1oz Lawyers recommend to contact through the \u201cContact us\u201d section, so that a professional lawyer takes your query in a personalized way.<\/p>\n\n<h2>7. Intellectual property<\/h2>\n<p>All the content of the \u201cWeb Site\u201d, including texts, logos, images, designs, source code, videos and other graphic elements or functional, is the exclusive property of Mu\u00f1oz Attorneys or their licensors, and is protected by colombian law on copyright, industrial property and international treaties. No reproduction or distribution without prior authorization.<\/p>\n<p>The use by the \u201cUser\u201d from the \u201cWeb Site\u201d shall not be deemed to grant, or grant any title of authorizations, licenses, or any other right to use or dispose of any form of Intellectual Property, without the written permission of Mu\u00f1oz Lawyers or of the holder of the rights of the same whatever. Any unauthorized use is a violation of the present \u201cTerms and Conditions\u201d and to the current standards of national and international Intellectual Property laws.<\/p>\n\n<h2>8. Copyright<\/h2>\n<p>All the computer equipment, graphics, advertising, photography, multimedia, audiovisual, and\/or design, as well as all the content, texts and databases made available to you on the Web Site are the exclusive property of Mu\u00f1oz Abogados. All the Contents of \u201cWebsite\u201d are protected by law of Copyright and by all national and international standards that may be applicable. Except as expressly provided in these \u201cTerms and Conditions\u201d, it is prohibited any copying, reproduction, modification, creation of derivative works from, sell or distribute, display of the Contents in any way or by any means, including, but not limited to, electronic, mechanical, photocopying, recording or otherwise, without the prior written permission of Mu\u00f1oz Abogados. In any case, these \u201cTerms and Conditions\u201d confer rights, licenses and\/or authorizations to perform the acts described above. Any unauthorized use of the Content shall constitute a breach of these Terms and Conditions\u201d and to any existing rules on copyright, the only grants to the User a license and a personal, non-transferable and non-exclusive to query the Contents of the \u201cWebsite\u201d on the screen of a computer computer or PDA device under its control, and to copy the Contents of the property of Mu\u00f1oz Lawyers, only and exclusively, for personal non-commercial use with the condition that the User shall not modify in any way the Content and that you retain all the legends of copyright and other intellectual property contained therein.<\/p>\n\n<h2>9. Protection of personal data<\/h2>\n<p>Mu\u00f1oz Abogados collects and processes personal data in accordance with its Policy on the Processing of Personal Data (<a href=\"https:\/\/munozab.com\/wp-content\/uploads\/2025\/05\/Politica-de-tratamiento-de-datos-personales.pdf\">Policy on the processing of personal data<\/a>), in compliance with Law 1581 of 2012 and Decree 1377 of 2013, and all those rules that regulate or modify.<\/p>\n<p>The \u201cUser\u201d who provides their Personal information through the Contact us section of the \u201cWeb Site\u201d, you agree to the following \u201cTerms and Conditions\u201d with regard to the processing of personal information, a treatment that is subject also to the national rules governing the Protection of Personal Data referred to above and to the Policy on the Processing and Protection of Personal Data of Mu\u00f1oz Abogados <a href=\"https:\/\/munozab.com\/wp-content\/uploads\/2025\/05\/Politica-de-tratamiento-de-datos-personales.pdf\">Policy on the processing of personal data<\/a>.<\/p>\n<p>The \u201cUser\u201d to access the \u201cWeb Site\u201d shall not provide any type of data or information, however, if your intention is to get in contact with Mu\u00f1oz Abogaos through the Contact us section, the \u201cUser\u201d must provide personal information to Mu\u00f1oz Lawyers, information that will be stored in the database Mu\u00f1oz Lawyers and treated in accordance with the Policy on the Processing and Protection of Personal Data of Mu\u00f1oz Lawyers (<a href=\"https:\/\/munozab.com\/wp-content\/uploads\/2025\/05\/Politica-de-tratamiento-de-datos-personales.pdf\">Policy on the processing of personal data<\/a>). Once the \u201cUser\u201d, give out your personal information, means that given the consent to the processing of the same by Mu\u00f1oz Abogados. The information will be used by Mu\u00f1oz Lawyers for the purposes established at the time of the provision of personal data in the \u201cWeb Site\u201d, using which you will be duly informed of prior to the supply of the information by the \u201cUser\u201d and, in general, to the following:<\/p>\n<ol>\n    <li>For shipping by Mu\u00f1oz Lawyers, to the places of notification selected by the User, of business information relating to the services offered by Mu\u00f1oz Lawyers, such as, but not limited, to the launch of new services, promotions, events.<\/li>\n    <li>For Mu\u00f1oz Lawyers will put you in touch with the \u201cUser\u201d by any means, to: to Measure the level of service Mu\u00f1oz Lawyers, conduct surveys in relation with Mu\u00f1oz Lawyers, the brand or its services.<\/li>\n    <li>For the solution of PQR's. Mu\u00f1oz Lawyers will only use the personal information that the \u201cUsers\u201d provided voluntarily and knowingly, for the conformation of their databases on the \u201cUsers\u201d, that make use of the \u201cWebsite\u201d, for the knowledge and attention of the \u201cUsers\u201d of the \u201cSite\u201d and\/or of the Legal Services offered by Mu\u00f1oz Lawyers, and for its marketing activities in general.<\/li>\n<\/ol>\n<p>The \u201cUser\u201ds you wish to stop receiving information Mu\u00f1oz Attorneys, will be able to manifest it as well Mu\u00f1oz Attorneys, which shall exclude such \u201cUser\u201d to your contacts list, and will not in the future, to submit information.<\/p>\n<p>Mu\u00f1oz Abogados provides the best legal means at its disposal, that the third party by virtue of the services they provide to Mu\u00f1oz Lawyers related to the design, management and upgrade of the \u201cWeb Site\u201d, and in the exercise of their activities have access to the information supplied by the \u201cUser\u201ds, treated with the same discretion and confidentiality with the use Mu\u00f1oz Lawyers, for which Mu\u00f1oz Lawyers shall, in the respective contracts, clauses related to the Processing of Personal Data and its confidentiality.<\/p>\n<p>Mu\u00f1oz Abogados uses all reasonable means at its disposal to prevent that at the time of the supply of information and transmission of data by the \u201cUser\u201d, a third party not involved with the \u201cWeb Site\u201d and\/or Mu\u00f1oz Lawyers have access to the information of the \u201cUser\u201d. The personal information collected in the \u201cSite Web\u201d is stored in secure operating environments that are not available to the public.<\/p>\n\n<h2>10. Use of cookies<\/h2>\n<p>This \u201cWebsite\u201d uses cookies own and of third parties to improve the browsing experience, analyse usage statistics and to offer personalized content. By browsing the \u201cWeb Site\u201d, you agree to the use of cookies in accordance with our Cookies Policy.<\/p>\n<p>The \u201cUser\u201d and the visitor to the \u201cSite Web\u201d of Mu\u00f1oz Lawyers, knows and accepts that Mu\u00f1oz Abogados may collect certain information through the use of cookies. Cookies are small files that are installed on the hard disk of the computer or the mobile device of the \u201cUser\u201d, with a limited duration in time that help to personalize the services. We also offer certain features that are only available through the use of cookies. The information collected through cookies is to, among others, the path of the \u201cUser\u201d to the \u201cWeb Site\u201d, pages visited, source IP address, browser type, browser language, and the date and time of the visit by the \u201cUser\u201d.<\/p>\n<p>At any time, the \u201cUser\u201d can uninstall the cookies on your computer (Internet browser) or mobile device, which depends on its sole discretion and may be deleted from your computer when the \u201cUser\u201d so what you want.<\/p>\n\n<h2>11. Limitation of liability<\/h2>\n<p>Mu\u00f1oz Lawyers have made their best efforts to ensure that all Contents and information provided in the \u201cSite Web\u201d is correct. However, Mu\u00f1oz Abogados is not responsible for the accuracy, completeness or timeliness of the content of the \u201cWeb Site\u201d, nor for direct or indirect damages arising out of the use of the \u201cWebsite\u201d or the information contained in it.<\/p>\n<p>\u201cUser\u201d agrees and acknowledges that Mu\u00f1oz Abogados is not responsible for the risks to which it is exposed to its technology infrastructure and digital channels. This disclaimer of liability applies, among other subjects, without limitation, the technological risks derived from logical errors in the applications, paradoxes arising from their integration, gaps, worms or viruses, sabotage software, databases, and other computer crimes. \u201cUser\u201d agrees irrevocably and exonerated Mu\u00f1oz Lawyers from all liability arising out of these facts.<\/p>\n<p>Mu\u00f1oz Abogados reserves the right to do at any time, without notice, for any reason and without this resulting in a right to compensation, maintenance activities, corrections, or changes that include:<\/p>\n<ul>\n    <li>Modify or change the digital channels, or a part of the same. To interrupt the operation of the digital channels, of a scheduled or not.<\/li>\n    <li>Suspend or terminate operation of or access to the digital channels, or a part of the same.<\/li>\n<\/ul>\n\n<h2>12. Waiver of liability in the event of a fortuitous event or force majeure on the fall of the \u201c\u201dWebsite<\/h2>\n<p>The \u201cUser\u201d acknowledges that, during the operation of the \u201cWeb Site\u201d, there may be circumstances which are attributable to fortuitous events or force majeure that would imply that the \u201cWeb Site\u201d is not operative during a certain period. In such cases we seek to restore the \u201cWeb Site\u201d and the operating system as soon as possible, without this can be imputed to them some kind of responsibility.<\/p>\n<p>In any case Mu\u00f1oz Attorneys will be liable for damages of any nature whatsoever, resulting from the impossibility of the use of the \u201cWebsite\u201d, or the impossibility of link or other internet portals.<\/p>\n\n<h2>13. Modifications<\/h2>\n<p>Mu\u00f1oz Abogados reserves the right to change these \u201cTerms and Conditions\u201d at any time and without prior notice. The changes will take effect from their publication on the \u201cSite\u201d.<\/p>\n\n<h2>14. Applicable law and jurisdiction<\/h2>\n<p>These \u201cTerms and Conditions\u201d shall be governed by the laws of the Republic of Colombia. Any dispute shall be settled by the competent courts of Bogot\u00e1 D. C., Colombia. If, for any reason, a court of competent jurisdiction to be unenforceable any provision or part of the \u201cTerms and Conditions\u201d, the rest of the conditions shall continue to apply in its full effect.<\/p>\n<p>Mu\u00f1oz Attorneys claim that the content and services available on the Site are appropriate to be used within the Republic of Colombia. The use of the \u201cWebsite\u201d and the use of the services that are provided through the same, from different places to the Republic of Colombia, or countries where the content of the \u201cWeb Site\u201d is illegal, it is absolutely forbidden.<\/p>\n<p>The \u201cUser\u201d to enter the \u201cWeb Site\u201d from locations outside of the jurisdiction of the Republic of Colombia, you do so at your own risk and it is total and personally responsible for the fulfillment of the laws governing the place from where you enter and\/or uses the services in the \u201cSite\u201d.<\/p>\n<p>For more information, please visit the following link: <a href=\"https:\/\/munozab.com\/wp-content\/uploads\/2025\/05\/Politica-de-tratamiento-de-datos-personales.pdf\">Policy on the processing of personal data<\/a>.<\/p>\n\n<h2>15. Obligations Of The \u201cUser\u201d<\/h2>\n<p>In addition to the obligations outlined in the previous paragraphs, the \u201cUser\u201d agree to use the \u201cSite\u201d in accordance with the law, the present \u201cTerms and Conditions\u201d, as well as morality, generally accepted good customs and public order. Also, the \u201cUser\u201d agrees not to use the Website for illicit purposes or effects, contrary to what is established in these Terms and Conditions, harmful to the rights and interests of third parties, or which in any way may damage, disable, overburden, or impair the \u201cWeb Site\u201d or prevent the normal use or enjoyment of the \u201cSite\u201d by the \u201cUser\u201ds.<\/p>\n<p>The User is also obliged to use the Contents and information provided in the \u201cSite\u201d (hereinafter referred to as the Contents in a diligent, correct and lawful manner and, in particular, undertakes to refrain from (a) using the Content, or for purposes or effects contrary to law, morals, generally accepted good customs or public order; (b) reproduce or copy, distribute, allow public access through any form of public communication, transform or modify the Contents, unless you have the permission of the owner of the corresponding rights or it is legally permitted; (c) remove, circumvent or manipulate the intellectual property rights and other data identifying the rights of Mu\u00f1oz Lawyers or of its owners incorporated into the Contents; (d) use the Content and, in particular, information of any kind obtained through the \u201cSite Web\u201d to send advertising, communications for direct marketing purposes or any other commercial purpose, unsolicited messages addressed to a plurality of people regardless of its purpose, as well as to abstain from marketing or divulging such information in any way.<\/p>\n\n<h2>16. The Responsibility Of The \u201cUser\u201d<\/h2>\n<p>In addition to the responsibilities assumed by the \u201cUser\u201d under these \u201cTerms and Conditions\u201d, the \u201cUser\u201d will be liable for damages of any nature that Mu\u00f1oz Lawyers may suffer, directly or indirectly, as a result of a breach of any of the obligations of the \u201cTerms and Conditions\u201d or of the law in connection with the use of the \u201cWebsite\u201d.<\/p>\n\n<h2>17. Requests, Complaints and\/or Claims PQR's<\/h2>\n<p>Requests, complaints and\/or claims PQRs they can be submitted through the following channels attention:<\/p>\n<ul>\n    <li><strong>Address:<\/strong> Race 5 No. 66 \u2013 17, Bogot\u00e1, Colombia.<\/li>\n    <li><strong>Telephone:<\/strong> <a href=\"tel:+576017496888\">+57 601 7496888<\/a>.<\/li>\n    <li><strong>Mobile Phone:<\/strong> <a href=\"tel:+573008312980\">+57 3008312980<\/a>.<\/li>\n    <li><strong>E-Mail:<\/strong> <a href=\"mailto:info@munozab.com\">info@munozab.com<\/a> \/ <a href=\"mailto:servicioalcliente@munozab.com\">servicioalcliente@munozab.com<\/a>.<\/li>\n<\/ul>\n<p>If the request is related to the Protection of Personal Data, requests, complaints and\/or claims PQRS must be made via the channels provided for this purpose in the Policy for the Treatment and protection of Personal Data of Mu\u00f1oz Lawyers (<a href=\"https:\/\/munozab.com\/wp-content\/uploads\/2025\/05\/Politica-de-tratamiento-de-datos-personales.pdf\">Policy on the processing of personal data<\/a>)<\/p>\n\n<h2>18. Contact<\/h2>\n<p>For any concerns related to the content of the \u201cWeb Site\u201d or the processing of personal data, please contact <a href=\"mailto:info@munozab.com\">info@munozab.com<\/a> or to your phone <a href=\"tel:+576017496888\">+57 601 7496888<\/a>.<\/p>\n<ul>\n    <li><strong>Address:<\/strong> Race 5 No. 66 \u2013 17, Bogot\u00e1, Colombia.<\/li>\n    <li><strong>Telephone:<\/strong> <a href=\"tel:+576017496888\">+57 601 7496888<\/a>.<\/li>\n    <li><strong>Mobile Phone:<\/strong> <a href=\"tel:+573008312980\">+57 3008312980<\/a>.<\/li>\n    <li><strong>E-Mail:<\/strong> <a href=\"mailto:info@munozab.com\">info@munozab.com<\/a> \/ <a href=\"mailto:servicioalcliente@munozab.com\">servicioalcliente@munozab.com<\/a>.<\/li>\n    <li><strong>\u201cWebsite\u201d:<\/strong> <a href=\"https:\/\/munozab.com\/en\/\" target=\"_blank\" rel=\"noopener\">https:\/\/munozab.com<\/a>.<\/li>\n<\/ul>\n<p>For more information, please visit the following link: <a href=\"https:\/\/munozab.com\/wp-content\/uploads\/2025\/05\/Politica-de-tratamiento-de-datos-personales.pdf\">Policy on the processing of personal data<\/a><\/p>\n\n<h2>19. Last update<\/h2>\n<p>The present Terms and Conditions were last updated on may 13, 2025.<\/p>\t\t\t\t<\/div>\n\t\t\t\t\t<\/div>\n\t\t\t\t<\/div>\n\t\t\t\t<\/div>","protected":false},"excerpt":{"rendered":"<p>T\u00e9rminos y condiciones \u00daltima actualizaci\u00f3n: 13\/05\/2025 1. Introducci\u00f3n. Estos \u201cT\u00e9rminos y Condiciones\u201d regulan el acceso y uso que usted haga del \u201cSitio Web\u201d, as\u00ed como la forma en que se tratan sus datos personales y se usan cookies durante la navegaci\u00f3n. El contenido del \u201cSitio Web\u201d tiene como finalidad informar sobre los servicios legales ofrecidos [&hellip;]<\/p>\n","protected":false},"author":3,"featured_media":0,"parent":0,"menu_order":0,"comment_status":"closed","ping_status":"closed","template":"elementor_canvas","meta":{"nf_dc_page":"","footnotes":""},"class_list":["post-2306","page","type-page","status-publish","hentry"],"_links":{"self":[{"href":"https:\/\/munozab.com\/en\/wp-json\/wp\/v2\/pages\/2306","targetHints":{"allow":["GET"]}}],"collection":[{"href":"https:\/\/munozab.com\/en\/wp-json\/wp\/v2\/pages"}],"about":[{"href":"https:\/\/munozab.com\/en\/wp-json\/wp\/v2\/types\/page"}],"author":[{"embeddable":true,"href":"https:\/\/munozab.com\/en\/wp-json\/wp\/v2\/users\/3"}],"replies":[{"embeddable":true,"href":"https:\/\/munozab.com\/en\/wp-json\/wp\/v2\/comments?post=2306"}],"version-history":[{"count":0,"href":"https:\/\/munozab.com\/en\/wp-json\/wp\/v2\/pages\/2306\/revisions"}],"wp:attachment":[{"href":"https:\/\/munozab.com\/en\/wp-json\/wp\/v2\/media?parent=2306"}],"curies":[{"name":"wp","href":"https:\/\/api.w.org\/{rel}","templated":true}]}}