{"id":2307,"date":"2025-05-05T14:49:25","date_gmt":"2025-05-05T19:49:25","guid":{"rendered":"https:\/\/munozab.nuntu.co\/?page_id=2307"},"modified":"2026-02-16T10:54:57","modified_gmt":"2026-02-16T15:54:57","slug":"politica-de-privacidad","status":"publish","type":"page","link":"https:\/\/munozab.com\/en\/politica-de-privacidad\/","title":{"rendered":"Privacy policy"},"content":{"rendered":"<div data-elementor-type=\"wp-page\" data-elementor-id=\"2307\" class=\"elementor elementor-2307\" data-elementor-post-type=\"page\">\n\t\t\t\t<div class=\"elementor-element elementor-element-d996436 e-con-full e-flex elementor-invisible e-con e-parent\" data-id=\"d996436\" data-element_type=\"container\" data-e-type=\"container\" data-settings=\"{&quot;background_background&quot;:&quot;classic&quot;,&quot;animation&quot;:&quot;fadeIn&quot;}\">\n\t\t<div class=\"elementor-element elementor-element-c595300 e-flex e-con-boxed elementor-invisible e-con e-child\" data-id=\"c595300\" data-element_type=\"container\" data-e-type=\"container\" data-settings=\"{&quot;animation&quot;:&quot;fadeInUp&quot;}\">\n\t\t\t\t\t<div class=\"e-con-inner\">\n\t\t\t\t<div class=\"elementor-element elementor-element-36b7625 elementor-widget elementor-widget-heading\" data-id=\"36b7625\" data-element_type=\"widget\" data-e-type=\"widget\" data-widget_type=\"heading.default\">\n\t\t\t\t\t<h2 class=\"elementor-heading-title elementor-size-default\">Privacy policy<\/h2>\t\t\t\t<\/div>\n\t\t\t\t<div class=\"elementor-element elementor-element-c8f28e7 elementor-widget-divider--view-line elementor-widget elementor-widget-divider\" data-id=\"c8f28e7\" data-element_type=\"widget\" data-e-type=\"widget\" data-widget_type=\"divider.default\">\n\t\t\t\t\t\t\t<div class=\"elementor-divider\">\n\t\t\t<span class=\"elementor-divider-separator\">\n\t\t\t\t\t\t<\/span>\n\t\t<\/div>\n\t\t\t\t\t\t<\/div>\n\t\t\t\t\t<\/div>\n\t\t\t\t<\/div>\n\t\t\t\t<\/div>\n\t\t<div class=\"elementor-element elementor-element-a0ddc9e e-flex e-con-boxed e-con e-parent\" data-id=\"a0ddc9e\" data-element_type=\"container\" data-e-type=\"container\">\n\t\t\t\t\t<div class=\"e-con-inner\">\n\t\t\t\t<div class=\"elementor-element elementor-element-44de08f elementor-widget elementor-widget-html\" data-id=\"44de08f\" data-element_type=\"widget\" data-e-type=\"widget\" data-widget_type=\"html.default\">\n\t\t\t\t\t<style>\nh1,h2,h3,h4,h5,h6{\n    color: black;\n}\np{\n    color: #838892;\n}\na{\n    color: #2997aa;\n}\n<\/style>\n<p>Last update: 13\/05\/2025<\/p>\n\n<h2>1. Introduction<\/h2>\n<p>Mu\u00f1oz Abogados S. A. S. (hereinafter referred to as \u201cMu\u00f1oz Abogados\u201d or the \u201cFirm\u201d.), are committed to the privacy of the users of our web site, presents this Privacy Policy in accordance with Law 1581 of 2012 and Decree 1377 of 2013 and other legislation in force on personal data protection in Colombia.<\/p>\n<p>This policy describes how we collect, use, store, share and protect your personal information. For more information, you can refer to our Policy on the Processing of Personal Data in the following link: <a href=\"https:\/\/munozab.com\/wp-content\/uploads\/2025\/05\/Politica-de-tratamiento-de-datos-personales.pdf\">Policy on the processing of personal data<\/a>.<\/p>\n\n<h2>2. Data Collected<\/h2>\n<p>We collect personal information that users provide voluntarily through the channels provided by Mu\u00f1oz Lawyers, such as:<\/p>\n<ul>\n    <li>Full name and contact details (email, phone number, address).<\/li>\n    <li>Information provided via forms on the website.<\/li>\n    <li>IP address, cookies, browsing data and online behavior.<\/li>\n    <li>With the information regarding the use of our services legal.<\/li>\n<\/ul>\n\n<h2>3. Use of Information<\/h2>\n<p>The information collected will be used, among others, for the following purposes:<\/p>\n<ul>\n    <li>Address queries and provide legal services requested by the users.<\/li>\n    <li>Establish and maintain the contractual relationship with customers.<\/li>\n    <li>Send information and communications related to the services offered by the Firm.<\/li>\n    <li>Comply with legal obligations, contractual or official requirements.<\/li>\n    <li>To improve the user's browsing experience and the functionality of the website.<\/li>\n<\/ul>\n\n<h2>4. Use of Cookies<\/h2>\n<p>Our website uses cookies and similar technologies to obtain information about the navigation of its users. Cookies are small text files that are stored on the user&#039;s device and enable you to recognise when you re-gain access to the site.<\/p>\n<p>We use cookies own and third parties (such as Google Analytics) to analyse site traffic, personalise the user experience and to provide content or advertising relevant when you apply. The user can configure your browser to accept, reject or delete cookies. However, some features of the site may be affected if you are disabled.<\/p>\n\n<h2>5. Rights of the Holder of the Data<\/h2>\n<p>The owners of personal data have the right to:<\/p>\n<ul>\n    <li>Know, update and rectify your personal data.<\/li>\n    <li>Request the erasure of data when appropriate.<\/li>\n    <li>Revoke the authorisation granted for treatment, unless otherwise required by law.<\/li>\n    <li>To file complaints before the Superintendence of Industry and Commerce when you consider that there was a violation to the regulations in force.<\/li>\n<\/ul>\n\n<h2>6. Information security<\/h2>\n<p>We implement measures of technical, human, organizational, and administrative safeguards to ensure the security and confidentiality of the personal information, preventing its adulteration, loss, consultation, use or unauthorized access or fraudulent.<\/p>\n\n<h2>7. Contact for the Exercise of Rights<\/h2>\n<p>To exercise your rights of access, correction, deletion or revocation of the consent, or to perform queries related to the processing of your personal data, you may contact us through the following channels:<\/p>\n<ul>\n    <li><strong>Address:<\/strong> Race 5 No. 66 \u2013 17, Bogot\u00e1, Colombia.<\/li>\n    <li><strong>Telephone:<\/strong> <a href=\"tel:+576017496888\">+57 601 7496888<\/a>.<\/li>\n    <li><strong>Mobile Phone:<\/strong> <a href=\"tel:+573008312980\">+57 3008312980<\/a>.<\/li>\n    <li><strong>E-Mail:<\/strong> <a href=\"mailto:info@munozab.com\">info@munozab.com<\/a> \/ <a href=\"mailto:servicioalcliente@munozab.com\">servicioalcliente@munozab.com<\/a>.<\/li>\n    <li><strong>Web Site:<\/strong> <a href=\"https:\/\/munozab.com\/en\/\" target=\"_blank\" rel=\"noopener\">https:\/\/munozab.com<\/a><\/li>\n<\/ul>\n<p>You can also consult our Policy on the Processing of Personal Data: <a href=\"https:\/\/munozab.com\/wp-content\/uploads\/2025\/05\/Politica-de-tratamiento-de-datos-personales.pdf\">Policy on the processing of personal data<\/a>.<\/p>\n\n<h2>8. Changes to this Privacy Policy<\/h2>\n<p>This Policy may be amended at any time to adapt to regulatory changes, technological or commercial. Any substantial changes will be informed through the website and will take effect from their publication.<\/p>\t\t\t\t<\/div>\n\t\t\t\t\t<\/div>\n\t\t\t\t<\/div>\n\t\t\t\t<\/div>","protected":false},"excerpt":{"rendered":"<p>Pol\u00edtica de Privacidad \u00daltima actualizaci\u00f3n: 13\/05\/2025 1. Introducci\u00f3n Mu\u00f1oz Abogados S.A.S. (en adelante, \u201cMu\u00f1oz Abogados\u201d o la \u201cFirma\u201d), comprometidos con la privacidad de los usuarios de nuestro sitio web, presenta esta Pol\u00edtica de Privacidad conforme a la Ley 1581 de 2012, el Decreto 1377 de 2013 y las dem\u00e1s disposiciones normativas vigentes sobre protecci\u00f3n de [&hellip;]<\/p>\n","protected":false},"author":3,"featured_media":0,"parent":0,"menu_order":0,"comment_status":"closed","ping_status":"closed","template":"elementor_canvas","meta":{"nf_dc_page":"","footnotes":""},"class_list":["post-2307","page","type-page","status-publish","hentry"],"_links":{"self":[{"href":"https:\/\/munozab.com\/en\/wp-json\/wp\/v2\/pages\/2307","targetHints":{"allow":["GET"]}}],"collection":[{"href":"https:\/\/munozab.com\/en\/wp-json\/wp\/v2\/pages"}],"about":[{"href":"https:\/\/munozab.com\/en\/wp-json\/wp\/v2\/types\/page"}],"author":[{"embeddable":true,"href":"https:\/\/munozab.com\/en\/wp-json\/wp\/v2\/users\/3"}],"replies":[{"embeddable":true,"href":"https:\/\/munozab.com\/en\/wp-json\/wp\/v2\/comments?post=2307"}],"version-history":[{"count":0,"href":"https:\/\/munozab.com\/en\/wp-json\/wp\/v2\/pages\/2307\/revisions"}],"wp:attachment":[{"href":"https:\/\/munozab.com\/en\/wp-json\/wp\/v2\/media?parent=2307"}],"curies":[{"name":"wp","href":"https:\/\/api.w.org\/{rel}","templated":true}]}}