{"id":2308,"date":"2025-05-05T14:49:25","date_gmt":"2025-05-05T19:49:25","guid":{"rendered":"https:\/\/munozab.nuntu.co\/?page_id=2308"},"modified":"2026-02-16T10:55:21","modified_gmt":"2026-02-16T15:55:21","slug":"politica-de-cookies","status":"publish","type":"page","link":"https:\/\/munozab.com\/en\/politica-de-cookies\/","title":{"rendered":"Cookie policy"},"content":{"rendered":"<div data-elementor-type=\"wp-page\" data-elementor-id=\"2308\" class=\"elementor elementor-2308\" data-elementor-post-type=\"page\">\n\t\t\t\t<div class=\"elementor-element elementor-element-5db227f e-con-full e-flex elementor-invisible e-con e-parent\" data-id=\"5db227f\" data-element_type=\"container\" data-e-type=\"container\" data-settings=\"{&quot;background_background&quot;:&quot;classic&quot;,&quot;animation&quot;:&quot;fadeIn&quot;}\">\n\t\t<div class=\"elementor-element elementor-element-f078d23 e-flex e-con-boxed elementor-invisible e-con e-child\" data-id=\"f078d23\" data-element_type=\"container\" data-e-type=\"container\" data-settings=\"{&quot;animation&quot;:&quot;fadeInUp&quot;}\">\n\t\t\t\t\t<div class=\"e-con-inner\">\n\t\t\t\t<div class=\"elementor-element elementor-element-b499243 elementor-widget elementor-widget-heading\" data-id=\"b499243\" data-element_type=\"widget\" data-e-type=\"widget\" data-widget_type=\"heading.default\">\n\t\t\t\t\t<h2 class=\"elementor-heading-title elementor-size-default\">Cookie policy<\/h2>\t\t\t\t<\/div>\n\t\t\t\t<div class=\"elementor-element elementor-element-11f638a elementor-widget-divider--view-line elementor-widget elementor-widget-divider\" data-id=\"11f638a\" data-element_type=\"widget\" data-e-type=\"widget\" data-widget_type=\"divider.default\">\n\t\t\t\t\t\t\t<div class=\"elementor-divider\">\n\t\t\t<span class=\"elementor-divider-separator\">\n\t\t\t\t\t\t<\/span>\n\t\t<\/div>\n\t\t\t\t\t\t<\/div>\n\t\t\t\t\t<\/div>\n\t\t\t\t<\/div>\n\t\t\t\t<\/div>\n\t\t<div class=\"elementor-element elementor-element-a894c40 e-flex e-con-boxed e-con e-parent\" data-id=\"a894c40\" data-element_type=\"container\" data-e-type=\"container\">\n\t\t\t\t\t<div class=\"e-con-inner\">\n\t\t\t\t<div class=\"elementor-element elementor-element-32480a4 elementor-widget elementor-widget-html\" data-id=\"32480a4\" data-element_type=\"widget\" data-e-type=\"widget\" data-widget_type=\"html.default\">\n\t\t\t\t\t<style>\nh1,h2,h3,h4,h5,h6{\n    color: black;\n}\np{\n    color: #838892;\n}\na{\n    color: #2997aa;\n}\n<\/style>\n<p>Last update: 13\/05\/2025<\/p>\n\n<h2>1. Introduction<\/h2>\n<p>In Mu\u00f1oz Abogados S. A. S. (hereinafter, \u201cMu\u00f1oz Lawyers\u201d or the \u201cFirm\u201d), are committed to protecting the privacy of users who visit our web site munozab.com we inform you that we use cookies and similar technologies in accordance with the local regulations in force in protection of personal data, including the Law 1581 of 2012 and Decree 1377 of 2013 and the guidelines of the Superintendence of Industry and Commerce.<\/p>\n\n<h2>2. What are cookies?<\/h2>\n<p>Cookies are small text files that a web site places on the user&#039;s device (computer, smartphone, tablet, etc) when you access or browse the site. These allow you to remember information about the user&#039;s visit, which makes your browsing experience and improves performance of our services.<\/p>\n\n<h2>3. What types of cookies do we use?<\/h2>\n<p>On our website we use the following categories of cookies:<\/p>\n<ul>\n    <li><strong>to. Strictly necessary Cookies:<\/strong> These are essential for the operation of the website and allow browsing and use its basic functionalities. Do not require prior consent of the user.<\/li>\n    <li><strong>b. Performance Cookies or analytical:<\/strong> Collect information about how visitors use the site (for example, which pages they visit most often). We use this information in order to improve the performance of the site. These cookies do not collect information that directly identify the user.<\/li>\n    <li><strong>c. functionality Cookies:<\/strong> Allow the website to remember choices that the user has made (as of language or region) to provide a more personalized experience.<\/li>\n    <li><strong>d. Cookies of advertising and marketing:<\/strong> We may use cookies to provide personalized advertising based on the browsing behavior of the user. These cookies can be installed by authorized third parties and require prior consent.<\/li>\n<\/ul>\n\n<h2>4. Who sets cookies?<\/h2>\n<ul>\n    <li><strong>First-party Cookies:<\/strong> are installed directly by Mu\u00f1oz Abogados.<\/li>\n    <li><strong>Third party Cookies:<\/strong> are installed by third-party providers, such as analytics services (Google Analytics), social media platforms or advertising tools. These third parties may use the information collected for their own purposes, in accordance with their privacy policies.<\/li>\n<\/ul>\n\n<h2>5. User consent<\/h2>\n<p>When you first access our website, the user will find a cookies notice which informs you about the use of cookies and offers you the possibility to accept them, reject them or set them according to your preference. The installation of cookies is not essential is performed only if the user gives express consent. The user can modify or withdraw your consent at any time by using the configuration tool of cookies available on the site.<\/p>\n\n<h2>6. How can you manage cookies?<\/h2>\n<p>The user can configure or reject the use of cookies from:<\/p>\n<ul>\n    <li>The tool of the management of cookies available on the website.<\/li>\n    <li>The browser settings, where you can delete or block the cookies which have already been installed.<\/li>\n<\/ul>\n<p>Below are some useful links:<\/p>\n<ul>\n    <li>Google Chrome: <a href=\"https:\/\/support.google.com\/chrome\/answer\/95647?hl=es\" target=\"_blank\" rel=\"noopener\">https:\/\/support.google.com\/chrome\/answer\/95647?hl=es<\/a><\/li>\n    <li>Mozilla Firefox: <a href=\"https:\/\/support.mozilla.org\/es\/kb\/habilitar-y-deshabilitar-cookies-sitios-web\" target=\"_blank\" rel=\"noopener\">https:\/\/support.mozilla.org\/es\/kb\/habilitar-y-deshabilitar-cookies-sitios-web<\/a><\/li>\n    <li>Safari: <a href=\"https:\/\/support.apple.com\/es-es\/guide\/safari\/sfri11471\/mac\" target=\"_blank\" rel=\"noopener\">https:\/\/support.apple.com\/es-es\/guide\/safari\/sfri11471\/mac<\/a><\/li>\n    <li>Microsoft Edge: <a href=\"https:\/\/support.microsoft.com\/es-es\/help\/4027947\/microsoft-edge-delete-cookies\" target=\"_blank\" rel=\"noopener\">https:\/\/support.microsoft.com\/es-es\/help\/4027947\/microsoft-edge-delete-cookies<\/a><\/li>\n<\/ul>\n\n<h2>7. Consequences of not accepting or disable cookies<\/h2>\n<p>If the user decides not to accept or disable the use of cookies, some features of the site may be affected, such as the personalization of the content or for faster access to certain services.<\/p>\n\n<h2>8. International transfer of data<\/h2>\n<p>Some third party cookies may involve the transfer of personal data to countries that do not have an adequate level of data protection according to the regulation in colombia. In these cases, Mu\u00f1oz Lawyers ensures that you implement the necessary measures to protect the personal data according to the legal regime applicable.<\/p>\n\n<h2>9. Preservation of information<\/h2>\n<p>The duration of the cookies varies according to their type. Some cookies are automatically deleted when you close your browser (session cookies), while others may remain stored on the user&#039;s device until they are deleted or expire according to the deadline set by the issuer.<\/p>\n\n<h2>10. Changes to this policy<\/h2>\n<p>Mu\u00f1oz Abogados reserves the right to update this Cookies Policy at any time. In the event of substantive changes, will be notified in a timely manner to the users through the website or through the contact channels available.<\/p>\n\n<h2>11. Contact<\/h2>\n<p>If you have any questions, concerns or requests related to the use of cookies and the processing of your personal data, you may contact us at:<\/p>\n<p>\n    <strong>Mu\u00f1oz Abogados S. A. S.<\/strong><br>\n    <strong>Address:<\/strong> Race 5 No. 66 \u2013 17, Bogot\u00e1, Colombia.<br>\n    <strong>Telephone:<\/strong> <a href=\"tel:+576017496888\">+57 601 7496888<\/a>.<br>\n    <strong>Mobile Phone:<\/strong> <a href=\"tel:+573008312980\">+57 3008312980<\/a>.<br>\n    <strong>E-Mail:<\/strong> <a href=\"mailto:info@munozab.com\">info@munozab.com<\/a> \/ <a href=\"mailto:servicioalcliente@munozab.com\">servicioalcliente@munozab.com<\/a><br>\n    <strong>Web Site:<\/strong> <a href=\"https:\/\/munozab.com\/en\/\" target=\"_blank\" rel=\"noopener\">https:\/\/munozab.com<\/a>\n<\/p>\n\n<h2>12. Last update<\/h2>\n<p>This \u201cCookie Policy\u201d was last updated on may 13, 2025.<\/p>\t\t\t\t<\/div>\n\t\t\t\t\t<\/div>\n\t\t\t\t<\/div>\n\t\t\t\t<\/div>","protected":false},"excerpt":{"rendered":"<p>Pol\u00edtica de Cookies \u00daltima actualizaci\u00f3n: 13\/05\/2025 1. Introducci\u00f3n En Mu\u00f1oz Abogados S.A.S. (en adelante, \u201cMu\u00f1oz Abogados\u201d o la \u201cFirma\u201d), comprometidos con la protecci\u00f3n de la privacidad de los usuarios que visitan nuestro sitio web munozab.com, informamos que utilizamos cookies y tecnolog\u00edas similares conforme a la legislaci\u00f3n colombiana vigente en materia de protecci\u00f3n de datos personales, [&hellip;]<\/p>\n","protected":false},"author":3,"featured_media":0,"parent":0,"menu_order":0,"comment_status":"closed","ping_status":"closed","template":"elementor_canvas","meta":{"nf_dc_page":"","footnotes":""},"class_list":["post-2308","page","type-page","status-publish","hentry"],"_links":{"self":[{"href":"https:\/\/munozab.com\/en\/wp-json\/wp\/v2\/pages\/2308","targetHints":{"allow":["GET"]}}],"collection":[{"href":"https:\/\/munozab.com\/en\/wp-json\/wp\/v2\/pages"}],"about":[{"href":"https:\/\/munozab.com\/en\/wp-json\/wp\/v2\/types\/page"}],"author":[{"embeddable":true,"href":"https:\/\/munozab.com\/en\/wp-json\/wp\/v2\/users\/3"}],"replies":[{"embeddable":true,"href":"https:\/\/munozab.com\/en\/wp-json\/wp\/v2\/comments?post=2308"}],"version-history":[{"count":0,"href":"https:\/\/munozab.com\/en\/wp-json\/wp\/v2\/pages\/2308\/revisions"}],"wp:attachment":[{"href":"https:\/\/munozab.com\/en\/wp-json\/wp\/v2\/media?parent=2308"}],"curies":[{"name":"wp","href":"https:\/\/api.w.org\/{rel}","templated":true}]}}