{"id":2827,"date":"2025-05-05T14:49:26","date_gmt":"2025-05-05T19:49:26","guid":{"rendered":"https:\/\/munozab.nuntu.co\/?page_id=2827"},"modified":"2026-03-24T16:00:38","modified_gmt":"2026-03-24T21:00:38","slug":"trabaja-con-nosotros","status":"publish","type":"page","link":"https:\/\/munozab.com\/en\/trabaja-con-nosotros\/","title":{"rendered":"Work with Us"},"content":{"rendered":"<div data-elementor-type=\"wp-page\" data-elementor-id=\"2827\" class=\"elementor elementor-2827\" data-elementor-post-type=\"page\">\n\t\t\t\t<div class=\"elementor-element elementor-element-b96a8f2 e-con-full e-flex elementor-invisible e-con e-parent\" data-id=\"b96a8f2\" data-element_type=\"container\" data-e-type=\"container\" data-settings=\"{&quot;background_background&quot;:&quot;classic&quot;,&quot;animation&quot;:&quot;fadeIn&quot;}\">\n\t\t<div class=\"elementor-element elementor-element-cf8ab78 e-flex e-con-boxed elementor-invisible e-con e-child\" data-id=\"cf8ab78\" data-element_type=\"container\" data-e-type=\"container\" data-settings=\"{&quot;animation&quot;:&quot;fadeInUp&quot;}\">\n\t\t\t\t\t<div class=\"e-con-inner\">\n\t\t\t\t<div class=\"elementor-element elementor-element-7092480 elementor-widget elementor-widget-heading\" data-id=\"7092480\" data-element_type=\"widget\" data-e-type=\"widget\" data-widget_type=\"heading.default\">\n\t\t\t\t\t<h2 class=\"elementor-heading-title elementor-size-default\">Work with Us<\/h2>\t\t\t\t<\/div>\n\t\t\t\t<div class=\"elementor-element elementor-element-46b13df elementor-widget-divider--view-line elementor-widget elementor-widget-divider\" data-id=\"46b13df\" data-element_type=\"widget\" data-e-type=\"widget\" data-widget_type=\"divider.default\">\n\t\t\t\t\t\t\t<div class=\"elementor-divider\">\n\t\t\t<span class=\"elementor-divider-separator\">\n\t\t\t\t\t\t<\/span>\n\t\t<\/div>\n\t\t\t\t\t\t<\/div>\n\t\t\t\t<div class=\"elementor-element elementor-element-658ba0a elementor-widget elementor-widget-text-editor\" data-id=\"658ba0a\" data-element_type=\"widget\" data-e-type=\"widget\" data-widget_type=\"text-editor.default\">\n\t\t\t\t\t\t\t\t\t<p>Join Mu\u00f1oz Abogados and be part of a team committed to the excellence and innovation legal.<\/p>\n<p>\u00a0<\/p>\t\t\t\t\t\t\t\t<\/div>\n\t\t\t\t\t<\/div>\n\t\t\t\t<\/div>\n\t\t\t\t<\/div>\n\t\t<div class=\"elementor-element elementor-element-db60144 e-flex e-con-boxed e-con e-parent\" data-id=\"db60144\" data-element_type=\"container\" data-e-type=\"container\">\n\t\t\t\t\t<div class=\"e-con-inner\">\n\t\t<div class=\"elementor-element elementor-element-f9161e0 e-con-full e-flex e-con e-child\" data-id=\"f9161e0\" data-element_type=\"container\" data-e-type=\"container\">\n\t\t\t\t<div class=\"elementor-element elementor-element-78f7c69 elementor-widget elementor-widget-image\" data-id=\"78f7c69\" data-element_type=\"widget\" data-e-type=\"widget\" data-widget_type=\"image.default\">\n\t\t\t\t\t\t\t\t\t\t\t\t\t\t\t<img loading=\"lazy\" decoding=\"async\" width=\"1920\" height=\"1920\" src=\"https:\/\/munozab.com\/wp-content\/uploads\/2025\/04\/Unete-a-Munoz-Abogados-trabajo-con-nosotros.webp\" class=\"attachment-full size-full wp-image-4015\" alt=\"Abogados charlando del alto status por trabajar con Mu\u00f1oz Abogados\" srcset=\"https:\/\/munozab.com\/wp-content\/uploads\/2025\/04\/Unete-a-Munoz-Abogados-trabajo-con-nosotros.webp 1920w, https:\/\/munozab.com\/wp-content\/uploads\/2025\/04\/Unete-a-Munoz-Abogados-trabajo-con-nosotros-300x300.webp 300w, https:\/\/munozab.com\/wp-content\/uploads\/2025\/04\/Unete-a-Munoz-Abogados-trabajo-con-nosotros-1024x1024.webp 1024w, https:\/\/munozab.com\/wp-content\/uploads\/2025\/04\/Unete-a-Munoz-Abogados-trabajo-con-nosotros-150x150.webp 150w, https:\/\/munozab.com\/wp-content\/uploads\/2025\/04\/Unete-a-Munoz-Abogados-trabajo-con-nosotros-768x768.webp 768w, https:\/\/munozab.com\/wp-content\/uploads\/2025\/04\/Unete-a-Munoz-Abogados-trabajo-con-nosotros-1536x1536.webp 1536w\" sizes=\"auto, (max-width: 1920px) 100vw, 1920px\" title=\"\">\t\t\t\t\t\t\t\t\t\t\t\t\t\t\t<\/div>\n\t\t\t\t<\/div>\n\t\t<div class=\"elementor-element elementor-element-54775e2 e-con-full e-flex e-con e-child\" data-id=\"54775e2\" data-element_type=\"container\" data-e-type=\"container\">\n\t\t\t\t<div class=\"elementor-element elementor-element-cddc388 elementor-widget elementor-widget-heading\" data-id=\"cddc388\" data-element_type=\"widget\" data-e-type=\"widget\" data-widget_type=\"heading.default\">\n\t\t\t\t\t<h2 class=\"elementor-heading-title elementor-size-default\">Join Mu\u00f1oz Abogados<\/h2>\t\t\t\t<\/div>\n\t\t\t\t<div class=\"elementor-element elementor-element-69d07fe elementor-widget-divider--view-line elementor-widget elementor-widget-divider\" data-id=\"69d07fe\" data-element_type=\"widget\" data-e-type=\"widget\" data-widget_type=\"divider.default\">\n\t\t\t\t\t\t\t<div class=\"elementor-divider\">\n\t\t\t<span class=\"elementor-divider-separator\">\n\t\t\t\t\t\t<\/span>\n\t\t<\/div>\n\t\t\t\t\t\t<\/div>\n\t\t\t\t<div class=\"elementor-element elementor-element-36642fe elementor-widget elementor-widget-text-editor\" data-id=\"36642fe\" data-element_type=\"widget\" data-e-type=\"widget\" data-widget_type=\"text-editor.default\">\n\t\t\t\t\t\t\t\t\t<p>We are looking for people with talent and potential, are committed to the excellence and with a constant desire to learn and grow.<\/p>\t\t\t\t\t\t\t\t<\/div>\n\t\t\t\t<div class=\"elementor-element elementor-element-cbc5b4a elementor-widget elementor-widget-button\" data-id=\"cbc5b4a\" data-element_type=\"widget\" data-e-type=\"widget\" data-widget_type=\"button.default\">\n\t\t\t\t\t\t\t\t\t\t<a class=\"elementor-button elementor-button-link elementor-size-sm\" href=\"https:\/\/munozab.com\/en\/formulario-de-trabajo\/\">\n\t\t\t\t\t\t<span class=\"elementor-button-content-wrapper\">\n\t\t\t\t\t\t\t\t\t<span class=\"elementor-button-text\">JOIN OUR TEAM<\/span>\n\t\t\t\t\t<\/span>\n\t\t\t\t\t<\/a>\n\t\t\t\t\t\t\t\t<\/div>\n\t\t\t\t<\/div>\n\t\t\t\t\t<\/div>\n\t\t\t\t<\/div>\n\t\t<div class=\"elementor-element elementor-element-3788ed0 e-flex e-con-boxed e-con e-parent\" data-id=\"3788ed0\" data-element_type=\"container\" data-e-type=\"container\">\n\t\t\t\t\t<div class=\"e-con-inner\">\n\t\t<div class=\"elementor-element elementor-element-fcbd380 e-con-full e-flex e-con e-child\" data-id=\"fcbd380\" data-element_type=\"container\" data-e-type=\"container\">\n\t\t\t\t<div class=\"elementor-element elementor-element-3f4f65e elementor-widget elementor-widget-heading\" data-id=\"3f4f65e\" data-element_type=\"widget\" data-e-type=\"widget\" data-widget_type=\"heading.default\">\n\t\t\t\t\t<h2 class=\"elementor-heading-title elementor-size-default\">Meet our team<\/h2>\t\t\t\t<\/div>\n\t\t\t\t<div class=\"elementor-element elementor-element-10841ba elementor-widget-divider--view-line elementor-widget elementor-widget-divider\" data-id=\"10841ba\" data-element_type=\"widget\" data-e-type=\"widget\" data-widget_type=\"divider.default\">\n\t\t\t\t\t\t\t<div class=\"elementor-divider\">\n\t\t\t<span class=\"elementor-divider-separator\">\n\t\t\t\t\t\t<\/span>\n\t\t<\/div>\n\t\t\t\t\t\t<\/div>\n\t\t\t\t<div class=\"elementor-element elementor-element-8fb49ca elementor-widget elementor-widget-text-editor\" data-id=\"8fb49ca\" data-element_type=\"widget\" data-e-type=\"widget\" data-widget_type=\"text-editor.default\">\n\t\t\t\t\t\t\t\t\t<p>Through the expectations of our customers, we foster a professional culture that drives growth, both personal and professional. Our team and the way in which we work together to define us.<\/p>\t\t\t\t\t\t\t\t<\/div>\n\t\t\t\t<div class=\"elementor-element elementor-element-096dce9 elementor-widget elementor-widget-button\" data-id=\"096dce9\" data-element_type=\"widget\" data-e-type=\"widget\" data-widget_type=\"button.default\">\n\t\t\t\t\t\t\t\t\t\t<a class=\"elementor-button elementor-button-link elementor-size-sm\" href=\"https:\/\/munozab.com\/en\/nuestro-equipo\/\">\n\t\t\t\t\t\t<span class=\"elementor-button-content-wrapper\">\n\t\t\t\t\t\t\t\t\t<span class=\"elementor-button-text\">MEET OUR TEAM<\/span>\n\t\t\t\t\t<\/span>\n\t\t\t\t\t<\/a>\n\t\t\t\t\t\t\t\t<\/div>\n\t\t\t\t<\/div>\n\t\t<div class=\"elementor-element elementor-element-395e257 e-con-full e-flex e-con e-child\" data-id=\"395e257\" data-element_type=\"container\" data-e-type=\"container\">\n\t\t\t\t<div class=\"elementor-element elementor-element-2ce9bc3 elementor-widget elementor-widget-image\" data-id=\"2ce9bc3\" data-element_type=\"widget\" data-e-type=\"widget\" data-widget_type=\"image.default\">\n\t\t\t\t\t\t\t\t\t\t\t\t\t\t\t<img loading=\"lazy\" decoding=\"async\" width=\"1920\" height=\"1920\" src=\"https:\/\/munozab.com\/wp-content\/uploads\/2025\/04\/Conoce-a-nuestro-equipo-trabajo-con-nosotros.webp\" class=\"attachment-full size-full wp-image-4025\" alt=\"Equipo de trabajo de Mu\u00f1oz abogados reunido\" srcset=\"https:\/\/munozab.com\/wp-content\/uploads\/2025\/04\/Conoce-a-nuestro-equipo-trabajo-con-nosotros.webp 1920w, https:\/\/munozab.com\/wp-content\/uploads\/2025\/04\/Conoce-a-nuestro-equipo-trabajo-con-nosotros-300x300.webp 300w, https:\/\/munozab.com\/wp-content\/uploads\/2025\/04\/Conoce-a-nuestro-equipo-trabajo-con-nosotros-1024x1024.webp 1024w, https:\/\/munozab.com\/wp-content\/uploads\/2025\/04\/Conoce-a-nuestro-equipo-trabajo-con-nosotros-150x150.webp 150w, https:\/\/munozab.com\/wp-content\/uploads\/2025\/04\/Conoce-a-nuestro-equipo-trabajo-con-nosotros-768x768.webp 768w, https:\/\/munozab.com\/wp-content\/uploads\/2025\/04\/Conoce-a-nuestro-equipo-trabajo-con-nosotros-1536x1536.webp 1536w\" sizes=\"auto, (max-width: 1920px) 100vw, 1920px\" title=\"\">\t\t\t\t\t\t\t\t\t\t\t\t\t\t\t<\/div>\n\t\t\t\t<\/div>\n\t\t\t\t\t<\/div>\n\t\t\t\t<\/div>\n\t\t<div class=\"elementor-element elementor-element-260cfdf e-flex e-con-boxed e-con e-parent\" data-id=\"260cfdf\" data-element_type=\"container\" data-e-type=\"container\">\n\t\t\t\t\t<div class=\"e-con-inner\">\n\t\t<div class=\"elementor-element elementor-element-4be5354 e-con-full e-flex e-con e-child\" data-id=\"4be5354\" data-element_type=\"container\" data-e-type=\"container\">\n\t\t\t\t<div class=\"elementor-element elementor-element-1bd43a7 elementor-widget elementor-widget-image\" data-id=\"1bd43a7\" data-element_type=\"widget\" data-e-type=\"widget\" data-widget_type=\"image.default\">\n\t\t\t\t\t\t\t\t\t\t\t\t\t\t\t<img loading=\"lazy\" decoding=\"async\" width=\"1920\" height=\"1920\" src=\"https:\/\/munozab.com\/wp-content\/uploads\/2025\/04\/Trabaja-al-mas-alto-nivel-trabajo-con-nosotros.webp\" class=\"attachment-full size-full wp-image-4017\" alt=\"Abogado representando el alto status por trabajar con Mu\u00f1oz Abogados\" srcset=\"https:\/\/munozab.com\/wp-content\/uploads\/2025\/04\/Trabaja-al-mas-alto-nivel-trabajo-con-nosotros.webp 1920w, https:\/\/munozab.com\/wp-content\/uploads\/2025\/04\/Trabaja-al-mas-alto-nivel-trabajo-con-nosotros-300x300.webp 300w, https:\/\/munozab.com\/wp-content\/uploads\/2025\/04\/Trabaja-al-mas-alto-nivel-trabajo-con-nosotros-1024x1024.webp 1024w, https:\/\/munozab.com\/wp-content\/uploads\/2025\/04\/Trabaja-al-mas-alto-nivel-trabajo-con-nosotros-150x150.webp 150w, https:\/\/munozab.com\/wp-content\/uploads\/2025\/04\/Trabaja-al-mas-alto-nivel-trabajo-con-nosotros-768x768.webp 768w, https:\/\/munozab.com\/wp-content\/uploads\/2025\/04\/Trabaja-al-mas-alto-nivel-trabajo-con-nosotros-1536x1536.webp 1536w\" sizes=\"auto, (max-width: 1920px) 100vw, 1920px\" title=\"\">\t\t\t\t\t\t\t\t\t\t\t\t\t\t\t<\/div>\n\t\t\t\t<\/div>\n\t\t<div class=\"elementor-element elementor-element-46ff0d5 e-con-full e-flex e-con e-child\" data-id=\"46ff0d5\" data-element_type=\"container\" data-e-type=\"container\">\n\t\t\t\t<div class=\"elementor-element elementor-element-2d7e449 elementor-widget elementor-widget-heading\" data-id=\"2d7e449\" data-element_type=\"widget\" data-e-type=\"widget\" data-widget_type=\"heading.default\">\n\t\t\t\t\t<h2 class=\"elementor-heading-title elementor-size-default\">Work at the highest level<\/h2>\t\t\t\t<\/div>\n\t\t\t\t<div class=\"elementor-element elementor-element-0995dac elementor-widget-divider--view-line elementor-widget elementor-widget-divider\" data-id=\"0995dac\" data-element_type=\"widget\" data-e-type=\"widget\" data-widget_type=\"divider.default\">\n\t\t\t\t\t\t\t<div class=\"elementor-divider\">\n\t\t\t<span class=\"elementor-divider-separator\">\n\t\t\t\t\t\t<\/span>\n\t\t<\/div>\n\t\t\t\t\t\t<\/div>\n\t\t\t\t<div class=\"elementor-element elementor-element-85a6de9 elementor-widget elementor-widget-text-editor\" data-id=\"85a6de9\" data-element_type=\"widget\" data-e-type=\"widget\" data-widget_type=\"text-editor.default\">\n\t\t\t\t\t\t\t\t\t<p>We are pioneers in offering advice to the leaders of the business world. Our team of talented professionals and enthusiasts is committed to nurturing the future of the legal profession. Every day we challenge you to improve.<\/p>\t\t\t\t\t\t\t\t<\/div>\n\t\t\t\t<div class=\"elementor-element elementor-element-6bdbc05 elementor-widget elementor-widget-button\" data-id=\"6bdbc05\" data-element_type=\"widget\" data-e-type=\"widget\" data-widget_type=\"button.default\">\n\t\t\t\t\t\t\t\t\t\t<a class=\"elementor-button elementor-button-link elementor-size-sm\" href=\"https:\/\/munozab.com\/en\/formulario-de-trabajo\/\">\n\t\t\t\t\t\t<span class=\"elementor-button-content-wrapper\">\n\t\t\t\t\t\t\t\t\t<span class=\"elementor-button-text\">WORK IN MU\u00d1OZ ABOGADOS<\/span>\n\t\t\t\t\t<\/span>\n\t\t\t\t\t<\/a>\n\t\t\t\t\t\t\t\t<\/div>\n\t\t\t\t<\/div>\n\t\t\t\t\t<\/div>\n\t\t\t\t<\/div>\n\t\t\t\t<\/div>","protected":false},"excerpt":{"rendered":"<p>Trabaja con Nosotros \u00danete a Mu\u00f1oz Abogados y s\u00e9 parte de un equipo comprometido con la excelencia y la innovaci\u00f3n jur\u00eddica. \u00a0 \u00danase a Mu\u00f1oz Abogados Buscamos personas con talento y potencial, comprometidas con la excelencia y con un deseo constante de aprender y crecer. \u00daNASE A NUESTRO EQUIPO Conozca a nuestro equipo A trav\u00e9s [&hellip;]<\/p>\n","protected":false},"author":3,"featured_media":0,"parent":0,"menu_order":0,"comment_status":"closed","ping_status":"closed","template":"elementor_canvas","meta":{"nf_dc_page":"","footnotes":""},"class_list":["post-2827","page","type-page","status-publish","hentry"],"_links":{"self":[{"href":"https:\/\/munozab.com\/en\/wp-json\/wp\/v2\/pages\/2827","targetHints":{"allow":["GET"]}}],"collection":[{"href":"https:\/\/munozab.com\/en\/wp-json\/wp\/v2\/pages"}],"about":[{"href":"https:\/\/munozab.com\/en\/wp-json\/wp\/v2\/types\/page"}],"author":[{"embeddable":true,"href":"https:\/\/munozab.com\/en\/wp-json\/wp\/v2\/users\/3"}],"replies":[{"embeddable":true,"href":"https:\/\/munozab.com\/en\/wp-json\/wp\/v2\/comments?post=2827"}],"version-history":[{"count":3,"href":"https:\/\/munozab.com\/en\/wp-json\/wp\/v2\/pages\/2827\/revisions"}],"predecessor-version":[{"id":6715,"href":"https:\/\/munozab.com\/en\/wp-json\/wp\/v2\/pages\/2827\/revisions\/6715"}],"wp:attachment":[{"href":"https:\/\/munozab.com\/en\/wp-json\/wp\/v2\/media?parent=2827"}],"curies":[{"name":"wp","href":"https:\/\/api.w.org\/{rel}","templated":true}]}}